{"id":52866,"date":"2020-09-17T04:30:01","date_gmt":"2020-09-17T02:30:01","guid":{"rendered":"https:\/\/k1boss.fr\/fr_fr\/produit\/doudoune-legere-a-capuche-homme\/"},"modified":"2026-03-29T07:57:05","modified_gmt":"2026-03-29T05:57:05","slug":"doudoune-legere-a-capuche-homme","status":"publish","type":"product","link":"https:\/\/k1boss.fr\/en\/product\/doudoune-legere-a-capuche-homme\/","title":{"rendered":"Doudoune L\u00e9g\u00e8re \u00e0 Capuche Homme"},"content":{"rendered":"<p>\t\t\t\t        \t\t\t100% polyamide avec garniture int\u00e9rieure polyester. Chaude et ultral\u00e9g\u00e8re. Compressible dans son sac de rangement et 2 poches zipp\u00e9es devant. Int\u00e9rieur et capuche contrast\u00e9s (sauf pour coloris Navy).nGrammage : 340 g\/m\u00b2<br \/>\n\t\t\t\t        \t\t\tGuide des tailles:<\/p>\n<div class=\"tableau-taille\">\n<h3 class=\"legende2\">Tableau de tailles (cm)<\/h3>\n<table class=\"tableau\">\n<tr>\n<th><\/th>\n<th scope=\"col\">S<\/th>\n<th scope=\"col\">M<\/th>\n<th scope=\"col\">L<\/th>\n<th scope=\"col\">XL<\/th>\n<th scope=\"col\">XXL<\/th>\n<th scope=\"col\">3XL<\/th>\n<th scope=\"col\">4XL<\/th>\n<th scope=\"col\">Tol\u00e9rance +\/-<\/th>\n<\/tr>\n<tr>\n<th scope=\"row\"><b>A Largeur<\/b><\/th>\n<td>54<\/td>\n<td>57<\/td>\n<td>60<\/td>\n<td>63<\/td>\n<td>66<\/td>\n<td>69<\/td>\n<td>72<\/td>\n<td>10 %<\/td>\n<\/tr>\n<tr>\n<th scope=\"row\"><b>B Hauteur<\/b><\/th>\n<td>70<\/td>\n<td>72<\/td>\n<td>74<\/td>\n<td>76<\/td>\n<td>78<\/td>\n<td>80<\/td>\n<td>82<\/td>\n<td>10 %<\/td>\n<\/tr>\n<\/table><\/div>\n<div class=\"tableau-taille\">\n<h3 class=\"legende2\">Size Guide (inches)<\/h3>\n<table class=\"tableau\">\n<tr>\n<th><\/th>\n<th scope=\"col\">S<\/th>\n<th scope=\"col\">M<\/th>\n<th scope=\"col\">L<\/th>\n<th scope=\"col\">XL<\/th>\n<th scope=\"col\">XXL<\/th>\n<th scope=\"col\">3XL<\/th>\n<th scope=\"col\">4XL<\/th>\n<th scope=\"col\">Tol\u00e9rance +\/-<\/th>\n<\/tr>\n<tr>\n<th scope=\"row\"><b>Width (inches)<\/b><\/th>\n<td>\n\t\t\t\t\t                        \t21\t\t\t                        \t\t\t<\/td>\n<td>\n\t\t\t\t\t                        \t22\t\t\t                        \t\t\t<\/td>\n<td>\n\t\t\t\t\t                        \t23\t\t\t                        \t\t\t<\/td>\n<td>\n\t\t\t\t\t                        \t24\t\t\t                        \t\t\t<\/td>\n<td>\n\t\t\t\t\t                        \t25\t\t\t                        \t\t\t<\/td>\n<td>\n\t\t\t\t\t                        \t27\t\t\t                        \t\t\t<\/td>\n<td>\n\t\t\t\t\t                        \t28\t\t\t                        \t\t\t<\/td>\n<td>\n\t\t\t\t\t                        \t10 %\t\t\t                        \t\t\t<\/td>\n<\/tr>\n<tr>\n<th scope=\"row\"><b>Length (inches)<\/b><\/th>\n<td>\n\t\t\t\t\t                        \t27\t\t\t                        \t\t\t<\/td>\n<td>\n\t\t\t\t\t                        \t28\t\t\t                        \t\t\t<\/td>\n<td>\n\t\t\t\t\t                        \t29\t\t\t                        \t\t\t<\/td>\n<td>\n\t\t\t\t\t                        \t29\t\t\t                        \t\t\t<\/td>\n<td>\n\t\t\t\t\t                        \t30\t\t\t                        \t\t\t<\/td>\n<td>\n\t\t\t\t\t                        \t31\t\t\t                        \t\t\t<\/td>\n<td>\n\t\t\t\t\t                        \t32\t\t\t                        \t\t\t<\/td>\n<td>\n\t\t\t\t\t                        \t10 %\t\t\t                        \t\t\t<\/td>\n<\/tr>\n<\/table><\/div>","protected":false},"excerpt":{"rendered":"<p>100% polyamide avec garniture int\u00e9rieure polyester. Chaude et ultral\u00e9g\u00e8re. Compressible dans son sac de rangement et 2 poches zipp\u00e9es devant. Int\u00e9rieur et capuche contrast\u00e9s (sauf pour coloris Navy).nGrammage : 340 g\/m\u00b2 Guide des tailles: Tableau de tailles (cm) S M L XL XXL 3XL 4XL Tol\u00e9rance +\/- A Largeur 54 57 60 63 66 69 [&hellip;]<\/p>\n","protected":false},"featured_media":52864,"template":"","meta":{"jetpack_post_was_ever_published":false,"jetpack_publicize_message":"","jetpack_publicize_feature_enabled":true,"jetpack_social_post_already_shared":false,"jetpack_social_options":{"image_generator_settings":{"template":"highway","default_image_id":0,"font":"","enabled":false},"version":2}},"product_brand":[],"product_cat":[35,67],"product_tag":[],"class_list":{"0":"post-52866","1":"product","2":"type-product","3":"status-publish","4":"has-post-thumbnail","6":"product_cat-homme","7":"product_cat-k1-boss","8":"pa_size-3xl","9":"pa_size-4xl","10":"pa_size-l","11":"pa_size-m","12":"pa_size-s","13":"pa_size-xl","14":"pa_size-xxl","16":"first","17":"instock","18":"taxable","19":"shipping-taxable","20":"purchasable","21":"product-type-variable"},"yoast_head":"<!-- This site is optimized with the Yoast SEO plugin v24.8.1 - https:\/\/yoast.com\/wordpress\/plugins\/seo\/ -->\n<title>Doudoune L\u00e9g\u00e8re \u00e0 Capuche Homme - Plateforme KAMITIK<\/title>\n<meta name=\"robots\" content=\"index, follow, max-snippet:-1, max-image-preview:large, max-video-preview:-1\" \/>\n<link rel=\"canonical\" href=\"https:\/\/k1boss.fr\/en\/product\/doudoune-legere-a-capuche-homme\/\" \/>\n<meta property=\"og:locale\" content=\"en_GB\" \/>\n<meta property=\"og:type\" content=\"article\" \/>\n<meta property=\"og:title\" content=\"Doudoune L\u00e9g\u00e8re \u00e0 Capuche Homme - Plateforme KAMITIK\" \/>\n<meta property=\"og:description\" content=\"100% polyamide avec garniture int\u00e9rieure polyester. Chaude et ultral\u00e9g\u00e8re. Compressible dans son sac de rangement et 2 poches zipp\u00e9es devant. Int\u00e9rieur et capuche contrast\u00e9s (sauf pour coloris Navy).nGrammage : 340 g\/m\u00b2 Guide des tailles: Tableau de tailles (cm) S M L XL XXL 3XL 4XL Tol\u00e9rance +\/- A Largeur 54 57 60 63 66 69 [&hellip;]\" \/>\n<meta property=\"og:url\" content=\"https:\/\/k1boss.fr\/en\/product\/doudoune-legere-a-capuche-homme\/\" \/>\n<meta property=\"og:site_name\" content=\"Plateforme KAMITIK\" \/>\n<meta property=\"article:modified_time\" content=\"2026-03-29T05:57:05+00:00\" \/>\n<meta property=\"og:image\" content=\"https:\/\/i0.wp.com\/k1boss.fr\/wp-content\/uploads\/2020\/09\/8839415-doudoune-legere-a-capuche-homme-doudoune-legere-a-capuche-homme-face.png?fit=896%2C1124&ssl=1\" \/>\n\t<meta property=\"og:image:width\" content=\"896\" \/>\n\t<meta property=\"og:image:height\" content=\"1124\" \/>\n\t<meta property=\"og:image:type\" content=\"image\/png\" \/>\n<script type=\"application\/ld+json\" class=\"yoast-schema-graph\">{\"@context\":\"https:\/\/schema.org\",\"@graph\":[{\"@type\":\"WebPage\",\"@id\":\"https:\/\/k1boss.fr\/fr\/produit\/doudoune-legere-a-capuche-homme\/\",\"url\":\"https:\/\/k1boss.fr\/fr\/produit\/doudoune-legere-a-capuche-homme\/\",\"name\":\"Doudoune L\u00e9g\u00e8re \u00e0 Capuche Homme - Plateforme KAMITIK\",\"isPartOf\":{\"@id\":\"https:\/\/k1boss.fr\/#website\"},\"primaryImageOfPage\":{\"@id\":\"https:\/\/k1boss.fr\/fr\/produit\/doudoune-legere-a-capuche-homme\/#primaryimage\"},\"image\":{\"@id\":\"https:\/\/k1boss.fr\/fr\/produit\/doudoune-legere-a-capuche-homme\/#primaryimage\"},\"thumbnailUrl\":\"https:\/\/i0.wp.com\/k1boss.fr\/wp-content\/uploads\/2020\/09\/8839415-doudoune-legere-a-capuche-homme-doudoune-legere-a-capuche-homme-face.png?fit=896%2C1124&ssl=1\",\"datePublished\":\"2020-09-17T02:30:01+00:00\",\"dateModified\":\"2026-03-29T05:57:05+00:00\",\"breadcrumb\":{\"@id\":\"https:\/\/k1boss.fr\/fr\/produit\/doudoune-legere-a-capuche-homme\/#breadcrumb\"},\"inLanguage\":\"en-GB\",\"potentialAction\":[{\"@type\":\"ReadAction\",\"target\":[\"https:\/\/k1boss.fr\/fr\/produit\/doudoune-legere-a-capuche-homme\/\"]}]},{\"@type\":\"ImageObject\",\"inLanguage\":\"en-GB\",\"@id\":\"https:\/\/k1boss.fr\/fr\/produit\/doudoune-legere-a-capuche-homme\/#primaryimage\",\"url\":\"https:\/\/i0.wp.com\/k1boss.fr\/wp-content\/uploads\/2020\/09\/8839415-doudoune-legere-a-capuche-homme-doudoune-legere-a-capuche-homme-face.png?fit=896%2C1124&ssl=1\",\"contentUrl\":\"https:\/\/i0.wp.com\/k1boss.fr\/wp-content\/uploads\/2020\/09\/8839415-doudoune-legere-a-capuche-homme-doudoune-legere-a-capuche-homme-face.png?fit=896%2C1124&ssl=1\",\"width\":896,\"height\":1124,\"caption\":\"light-royal-blue_face\"},{\"@type\":\"BreadcrumbList\",\"@id\":\"https:\/\/k1boss.fr\/fr\/produit\/doudoune-legere-a-capuche-homme\/#breadcrumb\",\"itemListElement\":[{\"@type\":\"ListItem\",\"position\":1,\"name\":\"Accueil\",\"item\":\"https:\/\/k1boss.fr\/\"},{\"@type\":\"ListItem\",\"position\":2,\"name\":\"Doudoune L\u00e9g\u00e8re \u00e0 Capuche Homme\"}]},{\"@type\":\"WebSite\",\"@id\":\"https:\/\/k1boss.fr\/#website\",\"url\":\"https:\/\/k1boss.fr\/\",\"name\":\"Plateforme KAMITIK\",\"description\":\"BOSS \",\"publisher\":{\"@id\":\"https:\/\/k1boss.fr\/#organization\"},\"potentialAction\":[{\"@type\":\"SearchAction\",\"target\":{\"@type\":\"EntryPoint\",\"urlTemplate\":\"https:\/\/k1boss.fr\/?s={search_term_string}\"},\"query-input\":{\"@type\":\"PropertyValueSpecification\",\"valueRequired\":true,\"valueName\":\"search_term_string\"}}],\"inLanguage\":\"en-GB\"},{\"@type\":\"Organization\",\"@id\":\"https:\/\/k1boss.fr\/#organization\",\"name\":\"Plateforme KAMITIK\",\"url\":\"https:\/\/k1boss.fr\/\",\"logo\":{\"@type\":\"ImageObject\",\"inLanguage\":\"en-GB\",\"@id\":\"https:\/\/k1boss.fr\/#\/schema\/logo\/image\/\",\"url\":\"https:\/\/i0.wp.com\/k1boss.fr\/wp-content\/uploads\/2025\/01\/cropped-K.png?fit=500%2C500&ssl=1\",\"contentUrl\":\"https:\/\/i0.wp.com\/k1boss.fr\/wp-content\/uploads\/2025\/01\/cropped-K.png?fit=500%2C500&ssl=1\",\"width\":500,\"height\":500,\"caption\":\"Plateforme KAMITIK\"},\"image\":{\"@id\":\"https:\/\/k1boss.fr\/#\/schema\/logo\/image\/\"}}]}<\/script>\n<!-- \/ Yoast SEO plugin. -->","yoast_head_json":{"title":"Doudoune L\u00e9g\u00e8re \u00e0 Capuche Homme - Plateforme KAMITIK","robots":{"index":"index","follow":"follow","max-snippet":"max-snippet:-1","max-image-preview":"max-image-preview:large","max-video-preview":"max-video-preview:-1"},"canonical":"https:\/\/k1boss.fr\/en\/product\/doudoune-legere-a-capuche-homme\/","og_locale":"en_GB","og_type":"article","og_title":"Doudoune L\u00e9g\u00e8re \u00e0 Capuche Homme - Plateforme KAMITIK","og_description":"100% polyamide avec garniture int\u00e9rieure polyester. Chaude et ultral\u00e9g\u00e8re. Compressible dans son sac de rangement et 2 poches zipp\u00e9es devant. Int\u00e9rieur et capuche contrast\u00e9s (sauf pour coloris Navy).nGrammage : 340 g\/m\u00b2 Guide des tailles: Tableau de tailles (cm) S M L XL XXL 3XL 4XL Tol\u00e9rance +\/- A Largeur 54 57 60 63 66 69 [&hellip;]","og_url":"https:\/\/k1boss.fr\/en\/product\/doudoune-legere-a-capuche-homme\/","og_site_name":"Plateforme KAMITIK","article_modified_time":"2026-03-29T05:57:05+00:00","og_image":[{"width":896,"height":1124,"url":"https:\/\/i0.wp.com\/k1boss.fr\/wp-content\/uploads\/2020\/09\/8839415-doudoune-legere-a-capuche-homme-doudoune-legere-a-capuche-homme-face.png?fit=896%2C1124&ssl=1","type":"image\/png"}],"schema":{"@context":"https:\/\/schema.org","@graph":[{"@type":"WebPage","@id":"https:\/\/k1boss.fr\/fr\/produit\/doudoune-legere-a-capuche-homme\/","url":"https:\/\/k1boss.fr\/fr\/produit\/doudoune-legere-a-capuche-homme\/","name":"Doudoune L\u00e9g\u00e8re \u00e0 Capuche Homme - Plateforme KAMITIK","isPartOf":{"@id":"https:\/\/k1boss.fr\/#website"},"primaryImageOfPage":{"@id":"https:\/\/k1boss.fr\/fr\/produit\/doudoune-legere-a-capuche-homme\/#primaryimage"},"image":{"@id":"https:\/\/k1boss.fr\/fr\/produit\/doudoune-legere-a-capuche-homme\/#primaryimage"},"thumbnailUrl":"https:\/\/i0.wp.com\/k1boss.fr\/wp-content\/uploads\/2020\/09\/8839415-doudoune-legere-a-capuche-homme-doudoune-legere-a-capuche-homme-face.png?fit=896%2C1124&ssl=1","datePublished":"2020-09-17T02:30:01+00:00","dateModified":"2026-03-29T05:57:05+00:00","breadcrumb":{"@id":"https:\/\/k1boss.fr\/fr\/produit\/doudoune-legere-a-capuche-homme\/#breadcrumb"},"inLanguage":"en-GB","potentialAction":[{"@type":"ReadAction","target":["https:\/\/k1boss.fr\/fr\/produit\/doudoune-legere-a-capuche-homme\/"]}]},{"@type":"ImageObject","inLanguage":"en-GB","@id":"https:\/\/k1boss.fr\/fr\/produit\/doudoune-legere-a-capuche-homme\/#primaryimage","url":"https:\/\/i0.wp.com\/k1boss.fr\/wp-content\/uploads\/2020\/09\/8839415-doudoune-legere-a-capuche-homme-doudoune-legere-a-capuche-homme-face.png?fit=896%2C1124&ssl=1","contentUrl":"https:\/\/i0.wp.com\/k1boss.fr\/wp-content\/uploads\/2020\/09\/8839415-doudoune-legere-a-capuche-homme-doudoune-legere-a-capuche-homme-face.png?fit=896%2C1124&ssl=1","width":896,"height":1124,"caption":"light-royal-blue_face"},{"@type":"BreadcrumbList","@id":"https:\/\/k1boss.fr\/fr\/produit\/doudoune-legere-a-capuche-homme\/#breadcrumb","itemListElement":[{"@type":"ListItem","position":1,"name":"Accueil","item":"https:\/\/k1boss.fr\/"},{"@type":"ListItem","position":2,"name":"Doudoune L\u00e9g\u00e8re \u00e0 Capuche Homme"}]},{"@type":"WebSite","@id":"https:\/\/k1boss.fr\/#website","url":"https:\/\/k1boss.fr\/","name":"Plateforme KAMITIK","description":"BOSS","publisher":{"@id":"https:\/\/k1boss.fr\/#organization"},"potentialAction":[{"@type":"SearchAction","target":{"@type":"EntryPoint","urlTemplate":"https:\/\/k1boss.fr\/?s={search_term_string}"},"query-input":{"@type":"PropertyValueSpecification","valueRequired":true,"valueName":"search_term_string"}}],"inLanguage":"en-GB"},{"@type":"Organization","@id":"https:\/\/k1boss.fr\/#organization","name":"Plateforme KAMITIK","url":"https:\/\/k1boss.fr\/","logo":{"@type":"ImageObject","inLanguage":"en-GB","@id":"https:\/\/k1boss.fr\/#\/schema\/logo\/image\/","url":"https:\/\/i0.wp.com\/k1boss.fr\/wp-content\/uploads\/2025\/01\/cropped-K.png?fit=500%2C500&ssl=1","contentUrl":"https:\/\/i0.wp.com\/k1boss.fr\/wp-content\/uploads\/2025\/01\/cropped-K.png?fit=500%2C500&ssl=1","width":500,"height":500,"caption":"Plateforme KAMITIK"},"image":{"@id":"https:\/\/k1boss.fr\/#\/schema\/logo\/image\/"}}]}},"jetpack_publicize_connections":[],"jetpack_sharing_enabled":true,"jetpack_likes_enabled":true,"jetpack-related-posts":[{"id":52890,"url":"https:\/\/k1boss.fr\/en\/product\/doudoune-legere-a-capuche-femme\/","url_meta":{"origin":52866,"position":0},"title":"Doudoune l\u00e9g\u00e8re \u00e0 capuche Femme","author":"Nefer Man","date":"17 September 2020","format":false,"excerpt":"100% polyamide avec garniture int\u00e9rieure polyester. Chaude et ultral\u00e9g\u00e8re. Compressible dans son sac de rangement avec 2 poches zipp\u00e9es devant. Int\u00e9rieur et capuche contrast\u00e9s (sauf pour coloris Navy).nGrammage : 340 g\/m\u00b2 Guide des tailles: Tableau de tailles (cm) XS S M L XL XXL Tol\u00e9rance +\/- A Largeur 48 50\u2026","rel":"","context":"Similar post","block_context":{"text":"Similar post","link":""},"img":{"alt_text":"light-royal-blue_face","src":"https:\/\/i0.wp.com\/k1boss.fr\/wp-content\/uploads\/2020\/09\/8839422-doudoune-legere-a-capuche-femme-doudoune-legere-a-capuche-femme-face.png?fit=902%2C1180&ssl=1&resize=350%2C200","width":350,"height":200,"srcset":"https:\/\/i0.wp.com\/k1boss.fr\/wp-content\/uploads\/2020\/09\/8839422-doudoune-legere-a-capuche-femme-doudoune-legere-a-capuche-femme-face.png?fit=902%2C1180&ssl=1&resize=350%2C200 1x, https:\/\/i0.wp.com\/k1boss.fr\/wp-content\/uploads\/2020\/09\/8839422-doudoune-legere-a-capuche-femme-doudoune-legere-a-capuche-femme-face.png?fit=902%2C1180&ssl=1&resize=525%2C300 1.5x, https:\/\/i0.wp.com\/k1boss.fr\/wp-content\/uploads\/2020\/09\/8839422-doudoune-legere-a-capuche-femme-doudoune-legere-a-capuche-femme-face.png?fit=902%2C1180&ssl=1&resize=700%2C400 2x"},"classes":[]},{"id":52901,"url":"https:\/\/k1boss.fr\/en\/product\/doudoune-legere-femme\/","url_meta":{"origin":52866,"position":1},"title":"Doudoune L\u00e9g\u00e8re Femme","author":"Nefer Man","date":"17 September 2020","format":false,"excerpt":"Ext\u00e9rieur 100% polyamide. Garniture int\u00e9rieure polyester. Chaude et ultra l\u00e9g\u00e8re. Compressible dans son sac de rangement. 2 poches zipp\u00e9es devant. Int\u00e9rieur contrast\u00e9 (sauf pour coloris Navy).Disponible en 3 couleurs : Navy, noir, bleu roi Guide des tailles: Tableau de tailles (cm) XS S M L XL XXL Tol\u00e9rance +\/- A\u2026","rel":"","context":"Similar post","block_context":{"text":"Similar post","link":""},"img":{"alt_text":"light-royal-blue_face","src":"https:\/\/i0.wp.com\/k1boss.fr\/wp-content\/uploads\/2020\/09\/8839424-doudoune-legere-femme-doudoune-legere-femme-face.png?fit=938%2C1180&ssl=1&resize=350%2C200","width":350,"height":200,"srcset":"https:\/\/i0.wp.com\/k1boss.fr\/wp-content\/uploads\/2020\/09\/8839424-doudoune-legere-femme-doudoune-legere-femme-face.png?fit=938%2C1180&ssl=1&resize=350%2C200 1x, https:\/\/i0.wp.com\/k1boss.fr\/wp-content\/uploads\/2020\/09\/8839424-doudoune-legere-femme-doudoune-legere-femme-face.png?fit=938%2C1180&ssl=1&resize=525%2C300 1.5x, https:\/\/i0.wp.com\/k1boss.fr\/wp-content\/uploads\/2020\/09\/8839424-doudoune-legere-femme-doudoune-legere-femme-face.png?fit=938%2C1180&ssl=1&resize=700%2C400 2x"},"classes":[]},{"id":50967,"url":"https:\/\/k1boss.fr\/en\/product\/polo-sport-tricolore-homme\/","url_meta":{"origin":52866,"position":2},"title":"Polo Sport Tricolore Homme","author":"Nefer Man","date":"1 September 2020","format":false,"excerpt":"100% polyester. Tissu \u00e0 s\u00e9chage rapide. Empi\u00e8cements contrast\u00e9s. Col bord-c\u00f4te 1x1 et 2 boutons ton sur ton. Finition points de recouvrement sur les d\u00e9coupes et double aiguille au bas de v\u00eatement et manches. Guide des tailles: Tableau de tailles (cm) XS S M L XL XXL 3XL 4XL Tol\u00e9rance +\/-\u2026","rel":"","context":"Similar post","block_context":{"text":"Similar post","link":""},"img":{"alt_text":"white-black-storm-grey_plexus","src":"https:\/\/i0.wp.com\/k1boss.fr\/wp-content\/uploads\/2020\/09\/8775915-polo-sport-tricolore-homme-polo-sport-tricolore-homme-plexus.png?fit=570%2C682&ssl=1&resize=350%2C200","width":350,"height":200,"srcset":"https:\/\/i0.wp.com\/k1boss.fr\/wp-content\/uploads\/2020\/09\/8775915-polo-sport-tricolore-homme-polo-sport-tricolore-homme-plexus.png?fit=570%2C682&ssl=1&resize=350%2C200 1x, https:\/\/i0.wp.com\/k1boss.fr\/wp-content\/uploads\/2020\/09\/8775915-polo-sport-tricolore-homme-polo-sport-tricolore-homme-plexus.png?fit=570%2C682&ssl=1&resize=525%2C300 1.5x"},"classes":[]},{"id":50944,"url":"https:\/\/k1boss.fr\/en\/product\/tee-shirt-delave-homme\/","url_meta":{"origin":52866,"position":3},"title":"Tee Shirt D\u00e9lav\u00e9 Homme","author":"Nefer Man","date":"1 September 2020","format":false,"excerpt":"T-shirt d\u00e9lav\u00e9 homme en 100% coton pr\u00e9-r\u00e9tr\u00e9ci Ring-Spun. T-shirt manches courtes tendance en Single Jersey teint\u00e9 \u00e0 froid. Col rond ras-du-cou avec bande de propret\u00e9. Manches mont\u00e9es. Pigmentation accentu\u00e9e sur les coutures (col, bords de manche et bord inf\u00e9rieur). Coutures lat\u00e9rales vrill\u00e9es avec pigmentation accentu\u00e9e. Finition des manches : ourlet\u2026","rel":"","context":"Similar post","block_context":{"text":"Similar post","link":""},"img":{"alt_text":"rusty-clash_face","src":"https:\/\/i0.wp.com\/k1boss.fr\/wp-content\/uploads\/2020\/09\/8775902-tee-shirt-delave-homme-tee-shirt-delave-homme-face.png?fit=988%2C1200&ssl=1&resize=350%2C200","width":350,"height":200,"srcset":"https:\/\/i0.wp.com\/k1boss.fr\/wp-content\/uploads\/2020\/09\/8775902-tee-shirt-delave-homme-tee-shirt-delave-homme-face.png?fit=988%2C1200&ssl=1&resize=350%2C200 1x, https:\/\/i0.wp.com\/k1boss.fr\/wp-content\/uploads\/2020\/09\/8775902-tee-shirt-delave-homme-tee-shirt-delave-homme-face.png?fit=988%2C1200&ssl=1&resize=525%2C300 1.5x, https:\/\/i0.wp.com\/k1boss.fr\/wp-content\/uploads\/2020\/09\/8775902-tee-shirt-delave-homme-tee-shirt-delave-homme-face.png?fit=988%2C1200&ssl=1&resize=700%2C400 2x"},"classes":[]}],"_links":{"self":[{"href":"https:\/\/k1boss.fr\/en\/wp-json\/wp\/v2\/product\/52866","targetHints":{"allow":["GET"]}}],"collection":[{"href":"https:\/\/k1boss.fr\/en\/wp-json\/wp\/v2\/product"}],"about":[{"href":"https:\/\/k1boss.fr\/en\/wp-json\/wp\/v2\/types\/product"}],"version-history":[{"count":1,"href":"https:\/\/k1boss.fr\/en\/wp-json\/wp\/v2\/product\/52866\/revisions"}],"predecessor-version":[{"id":52876,"href":"https:\/\/k1boss.fr\/en\/wp-json\/wp\/v2\/product\/52866\/revisions\/52876"}],"wp:featuredmedia":[{"embeddable":true,"href":"https:\/\/k1boss.fr\/en\/wp-json\/wp\/v2\/media\/52864"}],"wp:attachment":[{"href":"https:\/\/k1boss.fr\/en\/wp-json\/wp\/v2\/media?parent=52866"}],"wp:term":[{"taxonomy":"product_brand","embeddable":true,"href":"https:\/\/k1boss.fr\/en\/wp-json\/wp\/v2\/product_brand?post=52866"},{"taxonomy":"product_cat","embeddable":true,"href":"https:\/\/k1boss.fr\/en\/wp-json\/wp\/v2\/product_cat?post=52866"},{"taxonomy":"product_tag","embeddable":true,"href":"https:\/\/k1boss.fr\/en\/wp-json\/wp\/v2\/product_tag?post=52866"}],"curies":[{"name":"wp","href":"https:\/\/api.w.org\/{rel}","templated":true}]}}